{"id":392,"date":"2026-04-27T16:19:23","date_gmt":"2026-04-27T14:19:23","guid":{"rendered":"https:\/\/lindakayleigh.com\/?page_id=392"},"modified":"2026-04-27T16:19:24","modified_gmt":"2026-04-27T14:19:24","slug":"impressum","status":"publish","type":"page","link":"https:\/\/lindakayleigh.com\/en\/impressum\/","title":{"rendered":"Impressum"},"content":{"rendered":"<p><strong>Angaben gem\u00e4\u00df \u00a7 5 TMG<\/strong><\/p>\n\n\n\n<p>Linda-Kayleigh Bachem<br>Thaerstr. 37<br>10249 Berlin<br>Deutschland<\/p>\n\n\n\n<p>\ud83d\udce7 E-Mail: mail@maillindakayleigh.com<br>\ud83d\udcde Telefon: +49 151\/40750756<\/p>\n\n\n\n<hr class=\"wp-block-separator has-alpha-channel-opacity\"\/>\n\n\n\n<h2 class=\"wp-block-heading\">Verantwortlich f\u00fcr den Inhalt nach \u00a7 18 Abs. 2 MStV<\/h2>\n\n\n\n<p>Linda-Kayleigh Bachem<br>[Adresse wie oben]<\/p>\n\n\n\n<hr class=\"wp-block-separator has-alpha-channel-opacity\"\/>\n\n\n\n<h2 class=\"wp-block-heading\">Umsatzsteuer<\/h2>\n\n\n\n<p><br>Umsatzsteuer-Identifikationsnummer gem\u00e4\u00df \u00a7 27a UStG:<br>71 099 842 654<\/p>\n\n\n\n<hr class=\"wp-block-separator has-alpha-channel-opacity\"\/>\n\n\n\n<h2 class=\"wp-block-heading\">Haftung f\u00fcr Inhalte<\/h2>\n\n\n\n<p>Als Diensteanbieter sind wir gem\u00e4\u00df \u00a7 7 Abs.1 TMG f\u00fcr eigene Inhalte auf diesen Seiten nach den allgemeinen Gesetzen verantwortlich. Nach \u00a7\u00a7 8 bis 10 TMG sind wir jedoch nicht verpflichtet, \u00fcbermittelte oder gespeicherte fremde Informationen zu \u00fcberwachen oder nach Umst\u00e4nden zu forschen, die auf eine rechtswidrige T\u00e4tigkeit hinweisen.<\/p>\n\n\n\n<hr class=\"wp-block-separator has-alpha-channel-opacity\"\/>\n\n\n\n<h2 class=\"wp-block-heading\">Haftung f\u00fcr Links<\/h2>\n\n\n\n<p>Diese Website enth\u00e4lt ggf. Links zu externen Websites Dritter, auf deren Inhalte kein Einfluss besteht. Deshalb kann f\u00fcr diese fremden Inhalte keine Gew\u00e4hr \u00fcbernommen werden. F\u00fcr die Inhalte der verlinkten Seiten ist stets der jeweilige Anbieter oder Betreiber verantwortlich.<\/p>\n\n\n\n<hr class=\"wp-block-separator has-alpha-channel-opacity\"\/>\n\n\n\n<h2 class=\"wp-block-heading\">Urheberrecht<\/h2>\n\n\n\n<p>Die durch die Seitenbetreiberin erstellten Inhalte und Werke auf diesen Seiten unterliegen dem deutschen Urheberrecht. Beitr\u00e4ge Dritter sind als solche gekennzeichnet. Jede Art der Verwertung au\u00dferhalb der Grenzen des Urheberrechts bedarf der schriftlichen Zustimmung der jeweiligen Autorin.<\/p>","protected":false},"excerpt":{"rendered":"<p>Angaben gem\u00e4\u00df \u00a7 5 TMG Linda-Kayleigh BachemThaerstr. 3710249 BerlinDeutschland \ud83d\udce7 E-Mail: mail@maillindakayleigh.com\ud83d\udcde Telefon: +49 151\/40750756 Verantwortlich f\u00fcr den Inhalt nach \u00a7 18 Abs. 2 MStV Linda-Kayleigh Bachem[Adresse wie oben] Umsatzsteuer Umsatzsteuer-Identifikationsnummer gem\u00e4\u00df \u00a7 27a UStG:71 099 842 654 Haftung f\u00fcr Inhalte Als Diensteanbieter sind wir gem\u00e4\u00df \u00a7 7 Abs.1 TMG f\u00fcr eigene Inhalte auf diesen &hellip; <\/p>\n<p class=\"link-more\"><a href=\"https:\/\/lindakayleigh.com\/en\/impressum\/\" class=\"more-link\">Read more<span class=\"screen-reader-text\"> &#8222;Impressum&#8220;<\/span><\/a><\/p>","protected":false},"author":1,"featured_media":0,"parent":0,"menu_order":0,"comment_status":"closed","ping_status":"closed","template":"","meta":{"footnotes":""},"class_list":["post-392","page","type-page","status-publish","hentry"],"yoast_head":"<!-- This site is optimized with the Yoast SEO plugin v25.3.1 - https:\/\/yoast.com\/wordpress\/plugins\/seo\/ -->\n<title>Impressum - Linda Kayleigh<\/title>\n<meta name=\"robots\" content=\"index, follow, max-snippet:-1, max-image-preview:large, max-video-preview:-1\" \/>\n<link rel=\"canonical\" href=\"https:\/\/lindakayleigh.com\/en\/impressum\/\" \/>\n<meta property=\"og:locale\" content=\"en_GB\" \/>\n<meta property=\"og:type\" content=\"article\" \/>\n<meta property=\"og:title\" content=\"Impressum - Linda Kayleigh\" \/>\n<meta property=\"og:description\" content=\"Angaben gem\u00e4\u00df \u00a7 5 TMG Linda-Kayleigh BachemThaerstr. 3710249 BerlinDeutschland \ud83d\udce7 E-Mail: mail@maillindakayleigh.com\ud83d\udcde Telefon: +49 151\/40750756 Verantwortlich f\u00fcr den Inhalt nach \u00a7 18 Abs. 2 MStV Linda-Kayleigh Bachem[Adresse wie oben] Umsatzsteuer Umsatzsteuer-Identifikationsnummer gem\u00e4\u00df \u00a7 27a UStG:71 099 842 654 Haftung f\u00fcr Inhalte Als Diensteanbieter sind wir gem\u00e4\u00df \u00a7 7 Abs.1 TMG f\u00fcr eigene Inhalte auf diesen &hellip; Read more &quot;Impressum&quot;\" \/>\n<meta property=\"og:url\" content=\"https:\/\/lindakayleigh.com\/en\/impressum\/\" \/>\n<meta property=\"og:site_name\" content=\"Linda Kayleigh\" \/>\n<meta property=\"article:modified_time\" content=\"2026-04-27T14:19:24+00:00\" \/>\n<meta name=\"twitter:card\" content=\"summary_large_image\" \/>\n<meta name=\"twitter:label1\" content=\"Estimated reading time\" \/>\n\t<meta name=\"twitter:data1\" content=\"1 minute\" \/>\n<script type=\"application\/ld+json\" class=\"yoast-schema-graph\">{\"@context\":\"https:\/\/schema.org\",\"@graph\":[{\"@type\":\"WebPage\",\"@id\":\"https:\/\/lindakayleigh.com\/impressum\/\",\"url\":\"https:\/\/lindakayleigh.com\/impressum\/\",\"name\":\"Impressum - Linda Kayleigh\",\"isPartOf\":{\"@id\":\"https:\/\/lindakayleigh.com\/#website\"},\"datePublished\":\"2026-04-27T14:19:23+00:00\",\"dateModified\":\"2026-04-27T14:19:24+00:00\",\"breadcrumb\":{\"@id\":\"https:\/\/lindakayleigh.com\/impressum\/#breadcrumb\"},\"inLanguage\":\"en-GB\",\"potentialAction\":[{\"@type\":\"ReadAction\",\"target\":[\"https:\/\/lindakayleigh.com\/impressum\/\"]}]},{\"@type\":\"BreadcrumbList\",\"@id\":\"https:\/\/lindakayleigh.com\/impressum\/#breadcrumb\",\"itemListElement\":[{\"@type\":\"ListItem\",\"position\":1,\"name\":\"Startseite\",\"item\":\"https:\/\/lindakayleigh.com\/\"},{\"@type\":\"ListItem\",\"position\":2,\"name\":\"Impressum\"}]},{\"@type\":\"WebSite\",\"@id\":\"https:\/\/lindakayleigh.com\/#website\",\"url\":\"https:\/\/lindakayleigh.com\/\",\"name\":\"Linda Kayleigh\",\"description\":\"\",\"potentialAction\":[{\"@type\":\"SearchAction\",\"target\":{\"@type\":\"EntryPoint\",\"urlTemplate\":\"https:\/\/lindakayleigh.com\/?s={search_term_string}\"},\"query-input\":{\"@type\":\"PropertyValueSpecification\",\"valueRequired\":true,\"valueName\":\"search_term_string\"}}],\"inLanguage\":\"en-GB\"}]}<\/script>\n<!-- \/ Yoast SEO plugin. -->","yoast_head_json":{"title":"Impressum - Linda Kayleigh","robots":{"index":"index","follow":"follow","max-snippet":"max-snippet:-1","max-image-preview":"max-image-preview:large","max-video-preview":"max-video-preview:-1"},"canonical":"https:\/\/lindakayleigh.com\/en\/impressum\/","og_locale":"en_GB","og_type":"article","og_title":"Impressum - Linda Kayleigh","og_description":"Angaben gem\u00e4\u00df \u00a7 5 TMG Linda-Kayleigh BachemThaerstr. 3710249 BerlinDeutschland \ud83d\udce7 E-Mail: mail@maillindakayleigh.com\ud83d\udcde Telefon: +49 151\/40750756 Verantwortlich f\u00fcr den Inhalt nach \u00a7 18 Abs. 2 MStV Linda-Kayleigh Bachem[Adresse wie oben] Umsatzsteuer Umsatzsteuer-Identifikationsnummer gem\u00e4\u00df \u00a7 27a UStG:71 099 842 654 Haftung f\u00fcr Inhalte Als Diensteanbieter sind wir gem\u00e4\u00df \u00a7 7 Abs.1 TMG f\u00fcr eigene Inhalte auf diesen &hellip; Read more \"Impressum\"","og_url":"https:\/\/lindakayleigh.com\/en\/impressum\/","og_site_name":"Linda Kayleigh","article_modified_time":"2026-04-27T14:19:24+00:00","twitter_card":"summary_large_image","twitter_misc":{"Estimated reading time":"1 minute"},"schema":{"@context":"https:\/\/schema.org","@graph":[{"@type":"WebPage","@id":"https:\/\/lindakayleigh.com\/impressum\/","url":"https:\/\/lindakayleigh.com\/impressum\/","name":"Impressum - Linda Kayleigh","isPartOf":{"@id":"https:\/\/lindakayleigh.com\/#website"},"datePublished":"2026-04-27T14:19:23+00:00","dateModified":"2026-04-27T14:19:24+00:00","breadcrumb":{"@id":"https:\/\/lindakayleigh.com\/impressum\/#breadcrumb"},"inLanguage":"en-GB","potentialAction":[{"@type":"ReadAction","target":["https:\/\/lindakayleigh.com\/impressum\/"]}]},{"@type":"BreadcrumbList","@id":"https:\/\/lindakayleigh.com\/impressum\/#breadcrumb","itemListElement":[{"@type":"ListItem","position":1,"name":"Startseite","item":"https:\/\/lindakayleigh.com\/"},{"@type":"ListItem","position":2,"name":"Impressum"}]},{"@type":"WebSite","@id":"https:\/\/lindakayleigh.com\/#website","url":"https:\/\/lindakayleigh.com\/","name":"Linda Kayleigh","description":"","potentialAction":[{"@type":"SearchAction","target":{"@type":"EntryPoint","urlTemplate":"https:\/\/lindakayleigh.com\/?s={search_term_string}"},"query-input":{"@type":"PropertyValueSpecification","valueRequired":true,"valueName":"search_term_string"}}],"inLanguage":"en-GB"}]}},"_links":{"self":[{"href":"https:\/\/lindakayleigh.com\/en\/wp-json\/wp\/v2\/pages\/392","targetHints":{"allow":["GET"]}}],"collection":[{"href":"https:\/\/lindakayleigh.com\/en\/wp-json\/wp\/v2\/pages"}],"about":[{"href":"https:\/\/lindakayleigh.com\/en\/wp-json\/wp\/v2\/types\/page"}],"author":[{"embeddable":true,"href":"https:\/\/lindakayleigh.com\/en\/wp-json\/wp\/v2\/users\/1"}],"replies":[{"embeddable":true,"href":"https:\/\/lindakayleigh.com\/en\/wp-json\/wp\/v2\/comments?post=392"}],"version-history":[{"count":1,"href":"https:\/\/lindakayleigh.com\/en\/wp-json\/wp\/v2\/pages\/392\/revisions"}],"predecessor-version":[{"id":393,"href":"https:\/\/lindakayleigh.com\/en\/wp-json\/wp\/v2\/pages\/392\/revisions\/393"}],"wp:attachment":[{"href":"https:\/\/lindakayleigh.com\/en\/wp-json\/wp\/v2\/media?parent=392"}],"curies":[{"name":"wp","href":"https:\/\/api.w.org\/{rel}","templated":true}]}}